{"id":15,"date":"2023-03-13T10:31:56","date_gmt":"2023-03-13T09:31:56","guid":{"rendered":"http:\/\/nozabeils.fr\/?page_id=15"},"modified":"2026-03-28T14:35:48","modified_gmt":"2026-03-28T13:35:48","slug":"vente-de-miel","status":"publish","type":"page","link":"https:\/\/nozabeils.fr\/index.php\/vente-de-miel\/","title":{"rendered":"Le miel de nosabeils"},"content":{"rendered":"\t\t<div data-elementor-type=\"wp-page\" data-elementor-id=\"15\" class=\"elementor elementor-15\">\n\t\t\t\t\t\t<section class=\"elementor-section elementor-top-section elementor-element elementor-element-e330817 elementor-section-boxed elementor-section-height-default elementor-section-height-default\" data-id=\"e330817\" data-element_type=\"section\" data-e-type=\"section\">\n\t\t\t\t\t\t<div class=\"elementor-container elementor-column-gap-default\">\n\t\t\t\t\t<div class=\"elementor-column elementor-col-100 elementor-top-column elementor-element elementor-element-45fb2aa\" data-id=\"45fb2aa\" data-element_type=\"column\" data-e-type=\"column\">\n\t\t\t<div class=\"elementor-widget-wrap elementor-element-populated\">\n\t\t\t\t\t\t<section class=\"elementor-section elementor-inner-section elementor-element elementor-element-68a1df4 elementor-section-boxed elementor-section-height-default elementor-section-height-default\" data-id=\"68a1df4\" data-element_type=\"section\" data-e-type=\"section\">\n\t\t\t\t\t\t<div class=\"elementor-container elementor-column-gap-default\">\n\t\t\t\t\t<div class=\"elementor-column elementor-col-100 elementor-inner-column elementor-element elementor-element-49280af\" data-id=\"49280af\" data-element_type=\"column\" data-e-type=\"column\">\n\t\t\t<div class=\"elementor-widget-wrap elementor-element-populated\">\n\t\t\t\t\t\t<div class=\"elementor-element elementor-element-71cc52d elementor-align-right elementor-widget elementor-widget-button\" data-id=\"71cc52d\" data-element_type=\"widget\" data-e-type=\"widget\" data-widget_type=\"button.default\">\n\t\t\t\t<div class=\"elementor-widget-container\">\n\t\t\t\t\t\t\t\t\t<div class=\"elementor-button-wrapper\">\n\t\t\t\t\t<a class=\"elementor-button elementor-button-link elementor-size-lg\" href=\"https:\/\/nozabeils.fr\/index.php\/boutique\" target=\"_blank\">\n\t\t\t\t\t\t<span class=\"elementor-button-content-wrapper\">\n\t\t\t\t\t\t\t\t\t<span class=\"elementor-button-text\">Acc\u00e8s aux produits de la boutique<\/span>\n\t\t\t\t\t<\/span>\n\t\t\t\t\t<\/a>\n\t\t\t\t<\/div>\n\t\t\t\t\t\t\t\t<\/div>\n\t\t\t\t<\/div>\n\t\t\t\t<div class=\"elementor-element elementor-element-64b7226 elementor-widget elementor-widget-heading\" data-id=\"64b7226\" data-element_type=\"widget\" data-e-type=\"widget\" data-widget_type=\"heading.default\">\n\t\t\t\t<div class=\"elementor-widget-container\">\n\t\t\t\t\t<h2 class=\"elementor-heading-title elementor-size-default\">D'o\u00f9 vient il ?<\/h2>\t\t\t\t<\/div>\n\t\t\t\t<\/div>\n\t\t\t\t<div class=\"elementor-element elementor-element-d82e25e elementor-widget elementor-widget-text-editor\" data-id=\"d82e25e\" data-element_type=\"widget\" data-e-type=\"widget\" data-widget_type=\"text-editor.default\">\n\t\t\t\t<div class=\"elementor-widget-container\">\n\t\t\t\t\t\t\t\t\t<p>L&rsquo;environnement privil\u00e9gi\u00e9 de l&rsquo;Ouest francilien offre \u00e0 nos abeilles \u00e0 la fois un paysage urbain peupl\u00e9 de jardins particuliers et de parcs, mais \u00e9galement agricole (Vexin, plaine de Versailles) et forestier (for\u00eat de Saint Germain).<\/p>\t\t\t\t\t\t\t\t<\/div>\n\t\t\t\t<\/div>\n\t\t\t\t\t<\/div>\n\t\t<\/div>\n\t\t\t\t\t<\/div>\n\t\t<\/section>\n\t\t\t\t<div class=\"elementor-element elementor-element-f55e79a elementor-widget elementor-widget-image\" data-id=\"f55e79a\" data-element_type=\"widget\" data-e-type=\"widget\" data-widget_type=\"image.default\">\n\t\t\t\t<div class=\"elementor-widget-container\">\n\t\t\t\t\t\t\t\t\t\t\t\t\t\t\t<img fetchpriority=\"high\" decoding=\"async\" width=\"300\" height=\"199\" src=\"https:\/\/nozabeils.fr\/wp-content\/uploads\/2023\/03\/15788733-300x199.webp\" class=\"attachment-medium size-medium wp-image-72\" alt=\"\" srcset=\"https:\/\/nozabeils.fr\/wp-content\/uploads\/2023\/03\/15788733-300x199.webp 300w, https:\/\/nozabeils.fr\/wp-content\/uploads\/2023\/03\/15788733-600x399.webp 600w, https:\/\/nozabeils.fr\/wp-content\/uploads\/2023\/03\/15788733-1024x681.webp 1024w, https:\/\/nozabeils.fr\/wp-content\/uploads\/2023\/03\/15788733-768x511.webp 768w, https:\/\/nozabeils.fr\/wp-content\/uploads\/2023\/03\/15788733.webp 1080w\" sizes=\"(max-width: 300px) 100vw, 300px\" \/>\t\t\t\t\t\t\t\t\t\t\t\t\t\t\t<\/div>\n\t\t\t\t<\/div>\n\t\t\t\t<section class=\"elementor-section elementor-inner-section elementor-element elementor-element-bf6d1aa elementor-section-boxed elementor-section-height-default elementor-section-height-default\" data-id=\"bf6d1aa\" data-element_type=\"section\" data-e-type=\"section\">\n\t\t\t\t\t\t<div class=\"elementor-container elementor-column-gap-default\">\n\t\t\t\t\t<div class=\"elementor-column elementor-col-100 elementor-inner-column elementor-element elementor-element-2d96760\" data-id=\"2d96760\" data-element_type=\"column\" data-e-type=\"column\">\n\t\t\t<div class=\"elementor-widget-wrap elementor-element-populated\">\n\t\t\t\t\t\t<div class=\"elementor-element elementor-element-cb07579 elementor-widget elementor-widget-text-editor\" data-id=\"cb07579\" data-element_type=\"widget\" data-e-type=\"widget\" data-widget_type=\"text-editor.default\">\n\t\t\t\t<div class=\"elementor-widget-container\">\n\t\t\t\t\t\t\t\t\t<p>L&#8217;emplacement de nos ruchers nous permet donc de vous proposer un miel de qualit\u00e9, local et aux ar\u00f4mes vari\u00e9s.<\/p>\t\t\t\t\t\t\t\t<\/div>\n\t\t\t\t<\/div>\n\t\t\t\t\t<\/div>\n\t\t<\/div>\n\t\t\t\t\t<\/div>\n\t\t<\/section>\n\t\t\t\t\t<\/div>\n\t\t<\/div>\n\t\t\t\t\t<\/div>\n\t\t<\/section>\n\t\t\t\t<section class=\"elementor-section elementor-top-section elementor-element elementor-element-5b43f7a elementor-section-boxed elementor-section-height-default elementor-section-height-default\" data-id=\"5b43f7a\" data-element_type=\"section\" data-e-type=\"section\">\n\t\t\t\t\t\t<div class=\"elementor-container elementor-column-gap-default\">\n\t\t\t\t\t<div class=\"elementor-column elementor-col-100 elementor-top-column elementor-element elementor-element-795c57b\" data-id=\"795c57b\" data-element_type=\"column\" data-e-type=\"column\">\n\t\t\t<div class=\"elementor-widget-wrap elementor-element-populated\">\n\t\t\t\t\t\t<section class=\"elementor-section elementor-inner-section elementor-element elementor-element-e76315c elementor-section-boxed elementor-section-height-default elementor-section-height-default\" data-id=\"e76315c\" data-element_type=\"section\" data-e-type=\"section\">\n\t\t\t\t\t\t<div class=\"elementor-container elementor-column-gap-default\">\n\t\t\t\t\t<div class=\"elementor-column elementor-col-100 elementor-inner-column elementor-element elementor-element-f32cf96\" data-id=\"f32cf96\" data-element_type=\"column\" data-e-type=\"column\">\n\t\t\t<div class=\"elementor-widget-wrap elementor-element-populated\">\n\t\t\t\t\t\t<div class=\"elementor-element elementor-element-3a69f1b elementor-widget elementor-widget-heading\" data-id=\"3a69f1b\" data-element_type=\"widget\" data-e-type=\"widget\" data-widget_type=\"heading.default\">\n\t\t\t\t<div class=\"elementor-widget-container\">\n\t\t\t\t\t<h2 class=\"elementor-heading-title elementor-size-default\">Un miel local pour une \u00e9conomie locale<\/h2>\t\t\t\t<\/div>\n\t\t\t\t<\/div>\n\t\t\t\t<div class=\"elementor-element elementor-element-c73dc33 elementor-widget elementor-widget-text-editor\" data-id=\"c73dc33\" data-element_type=\"widget\" data-e-type=\"widget\" data-widget_type=\"text-editor.default\">\n\t\t\t\t<div class=\"elementor-widget-container\">\n\t\t\t\t\t\t\t\t\t<p>Nos produits sont d&rsquo;ailleurs labellis\u00e9s par la r\u00e9gion Ile de France afin de vous apporter une garantie d\u2019origine et encourager l&rsquo;alimentation locale \u00e0 l&rsquo;\u00e9chelle r\u00e9gionale.<\/p>\t\t\t\t\t\t\t\t<\/div>\n\t\t\t\t<\/div>\n\t\t\t\t<div class=\"elementor-element elementor-element-4de311d elementor-widget elementor-widget-image\" data-id=\"4de311d\" data-element_type=\"widget\" data-e-type=\"widget\" data-widget_type=\"image.default\">\n\t\t\t\t<div class=\"elementor-widget-container\">\n\t\t\t\t\t\t\t\t\t\t\t\t\t\t\t<img decoding=\"async\" width=\"150\" height=\"150\" src=\"https:\/\/nozabeils.fr\/wp-content\/uploads\/2023\/03\/produitidf-150x150.png\" class=\"attachment-thumbnail size-thumbnail wp-image-434\" alt=\"\" srcset=\"https:\/\/nozabeils.fr\/wp-content\/uploads\/2023\/03\/produitidf-150x150.png 150w, https:\/\/nozabeils.fr\/wp-content\/uploads\/2023\/03\/produitidf-300x300.png 300w, https:\/\/nozabeils.fr\/wp-content\/uploads\/2023\/03\/produitidf-100x100.png 100w\" sizes=\"(max-width: 150px) 100vw, 150px\" \/>\t\t\t\t\t\t\t\t\t\t\t\t\t\t\t<\/div>\n\t\t\t\t<\/div>\n\t\t\t\t\t<\/div>\n\t\t<\/div>\n\t\t\t\t\t<\/div>\n\t\t<\/section>\n\t\t\t\t<section class=\"elementor-section elementor-inner-section elementor-element elementor-element-4925bbb elementor-section-boxed elementor-section-height-default elementor-section-height-default\" data-id=\"4925bbb\" data-element_type=\"section\" data-e-type=\"section\">\n\t\t\t\t\t\t<div class=\"elementor-container elementor-column-gap-default\">\n\t\t\t\t\t<div class=\"elementor-column elementor-col-100 elementor-inner-column elementor-element elementor-element-456220b\" data-id=\"456220b\" data-element_type=\"column\" data-e-type=\"column\">\n\t\t\t<div class=\"elementor-widget-wrap elementor-element-populated\">\n\t\t\t\t\t\t<div class=\"elementor-element elementor-element-84dfe9b elementor-widget elementor-widget-text-editor\" data-id=\"84dfe9b\" data-element_type=\"widget\" data-e-type=\"widget\" data-widget_type=\"text-editor.default\">\n\t\t\t\t<div class=\"elementor-widget-container\">\n\t\t\t\t\t\t\t\t\t<p>Pour aller plus loin, NosAbeils attache un soin particulier \u00e0 proposer des petites productions identifi\u00e9es par le rucher lui m\u00eame..<\/p>\t\t\t\t\t\t\t\t<\/div>\n\t\t\t\t<\/div>\n\t\t\t\t\t<\/div>\n\t\t<\/div>\n\t\t\t\t\t<\/div>\n\t\t<\/section>\n\t\t\t\t\t<\/div>\n\t\t<\/div>\n\t\t\t\t\t<\/div>\n\t\t<\/section>\n\t\t\t\t<section class=\"elementor-section elementor-top-section elementor-element elementor-element-a3bc15c elementor-section-boxed elementor-section-height-default elementor-section-height-default\" data-id=\"a3bc15c\" data-element_type=\"section\" data-e-type=\"section\">\n\t\t\t\t\t\t<div class=\"elementor-container elementor-column-gap-default\">\n\t\t\t\t\t<div class=\"elementor-column elementor-col-100 elementor-top-column elementor-element elementor-element-f26c3df\" data-id=\"f26c3df\" data-element_type=\"column\" data-e-type=\"column\">\n\t\t\t<div class=\"elementor-widget-wrap elementor-element-populated\">\n\t\t\t\t\t\t<div class=\"elementor-element elementor-element-9ef35ca elementor-widget elementor-widget-heading\" data-id=\"9ef35ca\" data-element_type=\"widget\" data-e-type=\"widget\" data-widget_type=\"heading.default\">\n\t\t\t\t<div class=\"elementor-widget-container\">\n\t\t\t\t\t<h2 class=\"elementor-heading-title elementor-size-default\">O\u00f9 nous trouver ?<\/h2>\t\t\t\t<\/div>\n\t\t\t\t<\/div>\n\t\t\t\t<div class=\"elementor-element elementor-element-cfcf8c1 elementor-widget elementor-widget-text-editor\" data-id=\"cfcf8c1\" data-element_type=\"widget\" data-e-type=\"widget\" data-widget_type=\"text-editor.default\">\n\t\t\t\t<div class=\"elementor-widget-container\">\n\t\t\t\t\t\t\t\t\t<p>Vous pouvez venir acheter ce miel directement chez NosAbeils \u00e0 Conflans Sainte Honorine.<\/p><p>Pour cela, merci d&rsquo;indiquer vos coordonn\u00e9es lors de la prise de commande dans la rubrique Boutique pour que nous vous rappelions.<\/p><p><span style=\"font-variant-ligatures: normal; font-variant-caps: normal; font-family: Roboto, sans-serif; font-size: 18px; font-style: normal; font-weight: 600; color: var( --e-global-color-text ); letter-spacing: var( --e-global-typography-480ae80-letter-spacing ); word-spacing: var( --e-global-typography-480ae80-word-spacing );\">Le paiement se fait sur place (carte bleue accept\u00e9e).<\/span><\/p><p>Vous pouvez \u00e9galement retrouver nos miels dans les boutiques Equalis de <a href=\"https:\/\/maps.app.goo.gl\/bK6YAk81mPf51fHA7\">Conflans Sainte Honorine<\/a> et de\u00a0<a href=\"https:\/\/maps.app.goo.gl\/db2veVnJT7cn3aFw9\">Chanteloup-les-Vignes<\/a>.<\/p>\t\t\t\t\t\t\t\t<\/div>\n\t\t\t\t<\/div>\n\t\t\t\t<div class=\"elementor-element elementor-element-cdafa4e elementor-widget elementor-widget-image\" data-id=\"cdafa4e\" data-element_type=\"widget\" data-e-type=\"widget\" data-widget_type=\"image.default\">\n\t\t\t\t<div class=\"elementor-widget-container\">\n\t\t\t\t\t\t\t\t\t\t\t\t\t\t\t\t<a href=\"https:\/\/equalis.org\/\">\n\t\t\t\t\t\t\t<img decoding=\"async\" width=\"300\" height=\"171\" src=\"https:\/\/nozabeils.fr\/wp-content\/uploads\/2025\/09\/equalis-logo-300x171.png\" class=\"attachment-medium size-medium wp-image-880\" alt=\"\" srcset=\"https:\/\/nozabeils.fr\/wp-content\/uploads\/2025\/09\/equalis-logo-300x171.png 300w, https:\/\/nozabeils.fr\/wp-content\/uploads\/2025\/09\/equalis-logo.png 510w\" sizes=\"(max-width: 300px) 100vw, 300px\" \/>\t\t\t\t\t\t\t\t<\/a>\n\t\t\t\t\t\t\t\t\t\t\t\t\t\t\t<\/div>\n\t\t\t\t<\/div>\n\t\t\t\t<div class=\"elementor-element elementor-element-6fda3f1 elementor-widget elementor-widget-text-editor\" data-id=\"6fda3f1\" data-element_type=\"widget\" data-e-type=\"widget\" data-widget_type=\"text-editor.default\">\n\t\t\t\t<div class=\"elementor-widget-container\">\n\t\t\t\t\t\t\t\t\t<p><span style=\"font-family: Roboto, sans-serif; font-size: 18px; font-style: normal; font-variant-ligatures: normal; font-variant-caps: normal; font-weight: 600; text-align: justify;\">La livraison \u00e0 domicile est \u00e9galement possible \u00e0 partir d&rsquo;une commande de 3 pots sur les communes de Conflans, Herblay sur Seine, La Frette sur Seine, Andr\u00e9sy, Pierrelaye, Eragny, Maurecourt pour 1\u20ac de plus par pot.<\/span><\/p>\t\t\t\t\t\t\t\t<\/div>\n\t\t\t\t<\/div>\n\t\t\t\t\t<\/div>\n\t\t<\/div>\n\t\t\t\t\t<\/div>\n\t\t<\/section>\n\t\t\t\t<section class=\"elementor-section elementor-top-section elementor-element elementor-element-f1982fb elementor-section-boxed elementor-section-height-default elementor-section-height-default\" data-id=\"f1982fb\" data-element_type=\"section\" data-e-type=\"section\">\n\t\t\t\t\t\t<div class=\"elementor-container elementor-column-gap-default\">\n\t\t\t\t\t<div class=\"elementor-column elementor-col-100 elementor-top-column elementor-element elementor-element-1cf8b2a\" data-id=\"1cf8b2a\" data-element_type=\"column\" data-e-type=\"column\">\n\t\t\t<div class=\"elementor-widget-wrap elementor-element-populated\">\n\t\t\t\t\t\t<div class=\"elementor-element elementor-element-555cd76 elementor-widget elementor-widget-image\" data-id=\"555cd76\" data-element_type=\"widget\" data-e-type=\"widget\" data-widget_type=\"image.default\">\n\t\t\t\t<div class=\"elementor-widget-container\">\n\t\t\t\t\t\t\t\t\t\t\t\t\t\t\t\t<a href=\"https:\/\/nozabeils.fr\/\">\n\t\t\t\t\t\t\t<img loading=\"lazy\" decoding=\"async\" width=\"150\" height=\"150\" src=\"https:\/\/nozabeils.fr\/wp-content\/uploads\/2023\/03\/abeille-150x150.jpg\" class=\"attachment-thumbnail size-thumbnail wp-image-69\" alt=\"\" srcset=\"https:\/\/nozabeils.fr\/wp-content\/uploads\/2023\/03\/abeille-150x150.jpg 150w, https:\/\/nozabeils.fr\/wp-content\/uploads\/2023\/03\/abeille-300x300.jpg 300w, https:\/\/nozabeils.fr\/wp-content\/uploads\/2023\/03\/abeille-100x100.jpg 100w\" sizes=\"(max-width: 150px) 100vw, 150px\" \/>\t\t\t\t\t\t\t\t<\/a>\n\t\t\t\t\t\t\t\t\t\t\t\t\t\t\t<\/div>\n\t\t\t\t<\/div>\n\t\t\t\t\t<\/div>\n\t\t<\/div>\n\t\t\t\t\t<\/div>\n\t\t<\/section>\n\t\t\t\t<\/div>\n\t\t","protected":false},"excerpt":{"rendered":"<p>Acc\u00e8s aux produits de la boutique D&rsquo;o\u00f9 vient il ? L&rsquo;environnement privil\u00e9gi\u00e9 de l&rsquo;Ouest francilien offre \u00e0 nos abeilles \u00e0 la fois un paysage urbain peupl\u00e9 de jardins particuliers et de parcs, mais \u00e9galement agricole (Vexin, plaine de Versailles) et forestier (for\u00eat de Saint Germain). L&#8217;emplacement de nos ruchers nous permet donc de vous proposer [&hellip;]<\/p>\n","protected":false},"author":1,"featured_media":0,"parent":0,"menu_order":0,"comment_status":"closed","ping_status":"closed","template":"","meta":{"footnotes":""},"class_list":["post-15","page","type-page","status-publish","hentry","entry","owp-thumbs-layout-horizontal","owp-btn-normal","owp-tabs-layout-horizontal","has-no-thumbnails","has-product-nav"],"_links":{"self":[{"href":"https:\/\/nozabeils.fr\/index.php\/wp-json\/wp\/v2\/pages\/15","targetHints":{"allow":["GET"]}}],"collection":[{"href":"https:\/\/nozabeils.fr\/index.php\/wp-json\/wp\/v2\/pages"}],"about":[{"href":"https:\/\/nozabeils.fr\/index.php\/wp-json\/wp\/v2\/types\/page"}],"author":[{"embeddable":true,"href":"https:\/\/nozabeils.fr\/index.php\/wp-json\/wp\/v2\/users\/1"}],"replies":[{"embeddable":true,"href":"https:\/\/nozabeils.fr\/index.php\/wp-json\/wp\/v2\/comments?post=15"}],"version-history":[{"count":118,"href":"https:\/\/nozabeils.fr\/index.php\/wp-json\/wp\/v2\/pages\/15\/revisions"}],"predecessor-version":[{"id":1003,"href":"https:\/\/nozabeils.fr\/index.php\/wp-json\/wp\/v2\/pages\/15\/revisions\/1003"}],"wp:attachment":[{"href":"https:\/\/nozabeils.fr\/index.php\/wp-json\/wp\/v2\/media?parent=15"}],"curies":[{"name":"wp","href":"https:\/\/api.w.org\/{rel}","templated":true}]}}