{"id":3,"date":"2023-03-06T18:36:41","date_gmt":"2023-03-06T17:36:41","guid":{"rendered":"http:\/\/nozabeils.fr\/?page_id=3"},"modified":"2026-01-22T09:53:16","modified_gmt":"2026-01-22T08:53:16","slug":"politique-de-confidentialite","status":"publish","type":"page","link":"https:\/\/nozabeils.fr\/index.php\/politique-de-confidentialite\/","title":{"rendered":"Politique de confidentialit\u00e9"},"content":{"rendered":"\t\t<div data-elementor-type=\"wp-page\" data-elementor-id=\"3\" class=\"elementor elementor-3\">\n\t\t\t\t\t\t<section class=\"elementor-section elementor-top-section elementor-element elementor-element-1b7cecf6 elementor-section-boxed elementor-section-height-default elementor-section-height-default\" data-id=\"1b7cecf6\" data-element_type=\"section\" data-e-type=\"section\">\n\t\t\t\t\t\t<div class=\"elementor-container elementor-column-gap-default\">\n\t\t\t\t\t<div class=\"elementor-column elementor-col-100 elementor-top-column elementor-element elementor-element-1cb4db0d\" data-id=\"1cb4db0d\" data-element_type=\"column\" data-e-type=\"column\">\n\t\t\t<div class=\"elementor-widget-wrap elementor-element-populated\">\n\t\t\t\t\t\t<div class=\"elementor-element elementor-element-4b29305 elementor-widget elementor-widget-text-editor\" data-id=\"4b29305\" data-element_type=\"widget\" data-e-type=\"widget\" data-widget_type=\"text-editor.default\">\n\t\t\t\t<div class=\"elementor-widget-container\">\n\t\t\t\t\t\t\t\t\t<p class=\"font_8\"><strong>ARTICLE 1 : PR\u00c9AMBULE<\/strong><\/p>\n<p class=\"font_8\">Cette politique de confidentialit\u00e9 s&rsquo;applique au site nosabeils.fr.<\/p>\n<p class=\"font_8\">La pr\u00e9sente politique de confidentialit\u00e9 a pour but d&rsquo;exposer aux utilisateurs du site :<\/p>\n<ul class=\"font_8\">\n<li>\n<p class=\"font_8\">La mani\u00e8re dont sont collect\u00e9es et trait\u00e9es leurs donn\u00e9es \u00e0 caract\u00e8re personnel. Doivent \u00eatre consid\u00e9r\u00e9es comme donn\u00e9es personnelles toutes les donn\u00e9es \u00e9tant susceptibles d&rsquo;identifier un utilisateur. Il s&rsquo;agit notamment du pr\u00e9nom et du nom, de l&rsquo;\u00e2ge, de l&rsquo;adresse postale, l&rsquo;adresse e-mail, la localisation de l&rsquo;utilisateur ou encore son adresse IP.<\/p>\n<\/li>\n<li>\n<p class=\"font_8\">Quels sont les droits des utilisateurs concernant ces donn\u00e9es.<\/p>\n<\/li>\n<li>\n<p class=\"font_8\">Qui est responsable du traitement des donn\u00e9es \u00e0 caract\u00e8re personnel collect\u00e9es et trait\u00e9es.<\/p>\n<\/li>\n<li>\n<p class=\"font_8\">A qui ces donn\u00e9es sont transmises.<\/p>\n<\/li>\n<li>\n<p class=\"font_8\">Eventuellement, la politique du site en mati\u00e8re de fichiers \u00ab\u00a0cookies\u00a0\u00bb.<\/p>\n<\/li>\n<\/ul>\n<p class=\"font_8\">Cette politique de confidentialit\u00e9 compl\u00e8te les mentions l\u00e9gales et les Conditions G\u00e9n\u00e9rales d&rsquo;Utilisation que les utilisateurs peuvent consulter \u00e0 l&rsquo;adresse ci-apr\u00e8s :<\/p>\n<p class=\"font_8\">&nbsp; &nbsp; &nbsp; &nbsp; &nbsp; &nbsp;&nbsp;<a href=\"http:\/\/www.nosabeils.fr\/\" target=\"_blank\" rel=\"noreferrer noopener\">http:\/\/www.nosabeils.fr<\/a><\/p>\n<p class=\"font_8\"><strong>ARTICLE 2 : PRINCIPES G\u00c9N\u00c9RAUX EN MATI\u00c8RE DE COLLECTE ET DE TRAITEMENT DE DONN\u00c9ES<\/strong><\/p>\n<p class=\"font_8\">Conform\u00e9ment aux dispositions de l&rsquo;article 5 du R\u00e8glement europ\u00e9en 2016\/679, la collecte et le traitement des donn\u00e9es des utilisateurs du site respectent les principes suivants :<\/p>\n<ul class=\"font_8\">\n<li>\n<p class=\"font_8\">Lic\u00e9it\u00e9, loyaut\u00e9 et transparence : les donn\u00e9es ne peuvent \u00eatre collect\u00e9es et trait\u00e9es qu&rsquo;avec le consentement de l&rsquo;utilisateur propri\u00e9taire des donn\u00e9es. A chaque fois que des donn\u00e9es \u00e0 caract\u00e8re personnel seront collect\u00e9es, il sera indiqu\u00e9 \u00e0 l&rsquo;utilisateur que ses donn\u00e9es sont collect\u00e9es, et pour quelles raisons ses donn\u00e9es sont collect\u00e9es.<\/p>\n<\/li>\n<li>\n<p class=\"font_8\">Finalit\u00e9s limit\u00e9es : la collecte et le traitement des donn\u00e9es sont ex\u00e9cut\u00e9s pour r\u00e9pondre \u00e0 un ou plusieurs objectifs d\u00e9termin\u00e9s dans les pr\u00e9sentes conditions g\u00e9n\u00e9rales d&rsquo;utilisation.<\/p>\n<\/li>\n<li>\n<p class=\"font_8\">Minimisation de la collecte et du traitement des donn\u00e9es : seules les donn\u00e9es n\u00e9cessaires \u00e0 la bonne ex\u00e9cution des objectifs poursuivis par le site sont collect\u00e9es.<\/p>\n<\/li>\n<li>\n<p class=\"font_8\">Conservation des donn\u00e9es r\u00e9duites dans le temps : les donn\u00e9es sont conserv\u00e9es pour une dur\u00e9e limit\u00e9e, dont l&rsquo;utilisateur est inform\u00e9. Lorsque cette information ne peut pas \u00eatre communiqu\u00e9e, l&rsquo;utilisateur est inform\u00e9 des crit\u00e8res utilis\u00e9s pour d\u00e9terminer la dur\u00e9e de conservation.<\/p>\n<\/li>\n<li>\n<p class=\"font_8\">Int\u00e9grit\u00e9 et confidentialit\u00e9 des donn\u00e9es collect\u00e9es et trait\u00e9es : le responsable du traitement des donn\u00e9es s&rsquo;engage \u00e0 garantir l&rsquo;int\u00e9grit\u00e9 et la confidentialit\u00e9 des donn\u00e9es collect\u00e9es.<\/p>\n<\/li>\n<\/ul>\n<p class=\"font_8\">Afin d&rsquo;\u00eatre licites, et ce conform\u00e9ment aux exigences de l&rsquo;article 6 du r\u00e8glement europ\u00e9en 2016\/679, la collecte et le traitement des donn\u00e9es \u00e0 caract\u00e8re personnel ne pourront intervenir que s&rsquo;ils respectent au moins l&rsquo;une des conditions ci-apr\u00e8s \u00e9num\u00e9r\u00e9es :<\/p>\n<ul class=\"font_8\">\n<li>\n<p class=\"font_8\">L&rsquo;utilisateur a express\u00e9ment consenti au traitement.<\/p>\n<\/li>\n<li>\n<p class=\"font_8\">Le traitement est n\u00e9cessaire \u00e0 la bonne ex\u00e9cution d&rsquo;un contrat.<\/p>\n<\/li>\n<li>\n<p class=\"font_8\">Le traitement r\u00e9pond \u00e0 une obligation l\u00e9gale.<\/p>\n<\/li>\n<li>\n<p class=\"font_8\">Le traitement s&rsquo;explique par une n\u00e9cessit\u00e9 li\u00e9e \u00e0 la sauvegarde des int\u00e9r\u00eats vitaux de la personne concern\u00e9e ou d&rsquo;une autre personne physique.<\/p>\n<\/li>\n<li>\n<p class=\"font_8\">Le traitement peut s&rsquo;expliquer par une n\u00e9cessit\u00e9 li\u00e9e \u00e0 l&rsquo;ex\u00e9cution d&rsquo;une mission d&rsquo;int\u00e9r\u00eat public ou qui rel\u00e8ve de l&rsquo;exercice de l&rsquo;autorit\u00e9 publique.<\/p>\n<\/li>\n<li>\n<p class=\"font_8\">Le traitement et la collecte des donn\u00e9es \u00e0 caract\u00e8re personnel sont n\u00e9cessaires aux fins des int\u00e9r\u00eats l\u00e9gitimes et priv\u00e9s poursuivis par le responsable du traitement ou par un tiers.<\/p>\n<\/li>\n<\/ul>\n<p class=\"font_8\"><strong>ARTICLE 3 : DONN\u00c9ES \u00c0 CARACT\u00c8RE PERSONNEL COLLECT\u00c9ES ET TRAIT\u00c9ES DANS LE CADRE DE LA NAVIGATION SUR LE SITE<\/strong><\/p>\n<p class=\"font_8\"><span style=\"text-decoration: underline;\">A. DONN\u00c9ES COLLECT\u00c9ES ET TRAIT\u00c9ES ET MODE DE COLLECTE<\/span><\/p>\n<p class=\"font_8\">Les donn\u00e9es \u00e0 caract\u00e8re personnel collect\u00e9es sur le site nosabeils.fr sont les suivantes :<\/p>\n<p class=\"font_8\">&nbsp; &nbsp; &nbsp; &nbsp; &nbsp; &nbsp;&nbsp;Pr\u00e9nom, nom, adresse postale, adresse internet, num\u00e9ro de t\u00e9l\u00e9phone<\/p>\n<p class=\"font_8\">Ces donn\u00e9es sont collect\u00e9es lorsque l&rsquo;utilisateur effectue l&rsquo;une des op\u00e9rations suivantes sur le site :<\/p>\n<p class=\"font_8\">&nbsp; &nbsp; &nbsp; &nbsp; &nbsp; &nbsp;&nbsp;Echange sur une adresse de livraison des produits<\/p>\n<p class=\"font_8\">Le responsable du traitement conservera dans ses syst\u00e8mes informatiques du site et dans des conditions raisonnables de s\u00e9curit\u00e9 l&rsquo;ensemble des donn\u00e9es collect\u00e9es pour une dur\u00e9e de :<\/p>\n<p class=\"font_8\">&nbsp; &nbsp; &nbsp; &nbsp; &nbsp; &nbsp;&nbsp;3 ans<\/p>\n<p class=\"font_8\">La collecte et le traitement des donn\u00e9es r\u00e9pondent aux finalit\u00e9s suivantes :<\/p>\n<p class=\"font_8\">&nbsp; &nbsp; &nbsp; &nbsp; &nbsp; &nbsp;&nbsp;Traitement des commandes, ex\u00e9cution des livraisons, notifications des nouvelles offres<\/p>\n<p class=\"font_8\">Les traitements de donn\u00e9es effectu\u00e9s sont fond\u00e9s sur les bases l\u00e9gales suivantes :<\/p>\n<p class=\"font_8\">&nbsp; &nbsp; &nbsp; &nbsp; &nbsp; &nbsp;&nbsp;Ex\u00e9cution du contrat<\/p>\n<p class=\"font_8\"><span style=\"text-decoration: underline;\">B. TRANSMISSION DES DONN\u00c9ES A DES TIERS<\/span><\/p>\n<p class=\"font_8\">Les donn\u00e9es \u00e0 caract\u00e8re personnel collect\u00e9es par le site ne sont transmises \u00e0 aucun tiers, et ne sont trait\u00e9es que par l&rsquo;\u00e9diteur du site.<\/p>\n<p class=\"font_8\"><span style=\"text-decoration: underline;\">C. H\u00c9BERGEMENT DES DONN\u00c9ES<\/span><\/p>\n<p class=\"font_8\">Le site nosabeils.fr est h\u00e9berg\u00e9 par OVH Group SA, dont le si\u00e8ge est situ\u00e9 \u00e0 l&rsquo;adresse ci-apr\u00e8s :<\/p>\n<p class=\"font_8\">&nbsp; &nbsp; &nbsp; &nbsp; &nbsp; &nbsp; 2 rue Kellermann &#8211; 59100 Roubaix &#8211; France<\/p>\n<p class=\"font_8\">L&rsquo;h\u00e9bergeur peut \u00eatre contact\u00e9 au num\u00e9ro de t\u00e9l\u00e9phone suivant :<\/p>\n<p class=\"font_8\">&nbsp; &nbsp; &nbsp; &nbsp; &nbsp; &nbsp; &nbsp;&nbsp;(+33) 09 72 10 10 07&nbsp;<\/p>\n<p class=\"font_8\">Les donn\u00e9es collect\u00e9es et trait\u00e9es par le site sont transf\u00e9r\u00e9es vers le(s) pays suivant(s) :<\/p>\n<p class=\"font_8\">&nbsp; &nbsp; &nbsp; &nbsp; &nbsp; &nbsp; &nbsp;&nbsp;France<\/p>\n<p class=\"font_8\"><strong>ARTICLE 4 : RESPONSABLE DU TRAITEMENT DES DONN\u00c9ES<\/strong><\/p>\n<p class=\"font_8\"><span style=\"text-decoration: underline;\">A. LE RESPONSABLE DU TRAITEMENT DES DONN\u00c9ES<\/span><\/p>\n<p class=\"font_8\">Le responsable du traitement des donn\u00e9es \u00e0 caract\u00e8re personnel est :<\/p>\n<p class=\"font_8\">&nbsp; &nbsp; &nbsp; &nbsp; &nbsp; &nbsp; &nbsp; &nbsp;Fabrice N\u00e8gre<\/p>\n<p class=\"font_8\">Il peut \u00eatre contact\u00e9 de la mani\u00e8re suivante :<\/p>\n<p class=\"font_8\">&nbsp; &nbsp; &nbsp; &nbsp; &nbsp; &nbsp; &nbsp;&nbsp;Par t\u00e9l\u00e9phone au 06 23 23 74 81 ou par mail \u00e0&nbsp;<a href=\"mailto:nosabeils@yahoo.com\" data-auto-recognition=\"true\">nosabeils@yahoo.com<\/a><\/p>\n<p class=\"font_8\">Le responsable du traitement des donn\u00e9es est charg\u00e9 de d\u00e9terminer les finalit\u00e9s et les moyens mis au service du traitement des donn\u00e9es \u00e0 caract\u00e8re personnel.<\/p>\n<p class=\"font_8\"><span style=\"text-decoration: underline;\">B. OBLIGATIONS DU RESPONSABLE DU TRAITEMENT DES DONN\u00c9ES<\/span><\/p>\n<p class=\"font_8\">Le responsable du traitement s&rsquo;engage \u00e0 prot\u00e9ger les donn\u00e9es \u00e0 caract\u00e8re personnel collect\u00e9es, \u00e0 ne pas les transmettre \u00e0 des tiers sans que l&rsquo;utilisateur n&rsquo;en ait \u00e9t\u00e9 inform\u00e9 et \u00e0 respecter les finalit\u00e9s pour lesquelles ces donn\u00e9es ont \u00e9t\u00e9 collect\u00e9es.<\/p>\n<p class=\"font_8\">De plus, le responsable du traitement des donn\u00e9es s&rsquo;engage \u00e0 notifier l&rsquo;utilisateur en cas de rectification ou de suppression des donn\u00e9es, \u00e0 moins que cela n&rsquo;entra\u00eene pour lui des formalit\u00e9s, co\u00fbts et d\u00e9marches disproportionn\u00e9s.<\/p>\n<p class=\"font_8\">Dans le cas o\u00f9 l&rsquo;int\u00e9grit\u00e9, la confidentialit\u00e9 ou la s\u00e9curit\u00e9 des donn\u00e9es \u00e0 caract\u00e8re personnel de l&rsquo;utilisateur est compromise, le responsable du traitement s&rsquo;engage \u00e0 informer l&rsquo;utilisateur par tout moyen.<\/p>\n<p class=\"font_8\"><strong>ARTICLE 5 : DROITS DE L&rsquo;UTILISATEUR<\/strong><\/p>\n<p class=\"font_8\"><span class=\"wixGuard\"><\/span><\/p>\n<p class=\"font_8\">Conform\u00e9ment \u00e0 la r\u00e9glementation concernant le traitement des donn\u00e9es \u00e0 caract\u00e8re personnel, l&rsquo;utilisateur poss\u00e8de les droits ci-apr\u00e8s \u00e9num\u00e9r\u00e9s.<\/p>\n<p class=\"font_8\">Afin que le responsable du traitement des donn\u00e9es fasse droit \u00e0 sa demande, l&rsquo;utilisateur est tenu de lui communiquer ses pr\u00e9nom et nom ainsi que son adresse e-mail.<\/p>\n<p class=\"font_8\">Le responsable du traitement des donn\u00e9es est tenu de r\u00e9pondre \u00e0 l&rsquo;utilisateur dans un d\u00e9lai de 30 (trente) jours maximum.<\/p>\n<p class=\"font_8\"><span class=\"wixGuard\"><\/span><\/p>\n<p class=\"font_8\"><span style=\"text-decoration: underline;\">A. PR\u00c9SENTATION DES DROITS DE L&rsquo;UTILISATEUR EN MATI\u00c8RE DE COLLECTE ET TRAITEMENT DE DONN\u00c9ES<\/span><\/p>\n<p class=\"font_8\">a. Droit d&rsquo;acc\u00e8s, de rectification et droit \u00e0 l&rsquo;effacement<\/p>\n<p class=\"font_8\">L&rsquo;utilisateur peut prendre connaissance, mettre \u00e0 jour, modifier ou demander la suppression des donn\u00e9es le concernant, en respectant la proc\u00e9dure ci-apr\u00e8s \u00e9nonc\u00e9e :<\/p>\n<p class=\"font_8\">L&rsquo;utilisateur doit envoyer un e-mail au responsable de traitement des donn\u00e9es en explicitant sa demande.<\/p>\n<p class=\"font_8\">b. Droit \u00e0 la portabilit\u00e9 des donn\u00e9es<\/p>\n<p class=\"font_8\">L&rsquo;utilisateur a le droit de demander la portabilit\u00e9 de ses donn\u00e9es personnelles, d\u00e9tenues par le site, vers un autre site, en se conformant \u00e0 la proc\u00e9dure ci-apr\u00e8s :<\/p>\n<p class=\"font_8\">L&rsquo;utilisateur doit envoyer un e-mail au responsable de traitement des donn\u00e9es en explicitant sa demande.<\/p>\n<p class=\"font_8\">c. Droit \u00e0 la limitation et \u00e0 l&rsquo;opposition du traitement des donn\u00e9es<\/p>\n<p class=\"font_8\">L&rsquo;utilisateur a le droit de demander la limitation ou de s&rsquo;opposer au traitement de ses donn\u00e9es par le site, sans que le site ne puisse refuser, sauf \u00e0 d\u00e9montrer l&rsquo;existence de motifs l\u00e9gitimes et imp\u00e9rieux, pouvant pr\u00e9valoir sur les int\u00e9r\u00eats et les droits et libert\u00e9s de l&rsquo;utilisateur.<\/p>\n<p class=\"font_8\">Afin de demander la limitation du traitement de ses donn\u00e9es ou de formuler une opposition au traitement de ses donn\u00e9es, l&rsquo;utilisateur doit suivre la proc\u00e9dure suivante :<\/p>\n<p class=\"font_8\">L&rsquo;utilisateur doit envoyer un e-mail au responsable de traitement des donn\u00e9es en explicitant sa demande.<\/p>\n<p class=\"font_8\">d. Droit de ne pas faire l&rsquo;objet d&rsquo;une d\u00e9cision fond\u00e9e exclusivement sur un proc\u00e9d\u00e9 automatis\u00e9<\/p>\n<p class=\"font_8\">Conform\u00e9ment aux dispositions du r\u00e8glement 2016\/679, l&rsquo;utilisateur a le droit de ne pas faire l&rsquo;objet d&rsquo;une d\u00e9cision fond\u00e9e exclusivement sur un proc\u00e9d\u00e9 automatis\u00e9 si la d\u00e9cision produit des effets juridiques le concernant, ou l&rsquo;affecte de mani\u00e8re significative de fa\u00e7on similaire.<\/p>\n<p class=\"font_8\">e. Droit de d\u00e9terminer le sort des donn\u00e9es apr\u00e8s la mort<\/p>\n<p class=\"font_8\">Il est rappel\u00e9 \u00e0 l&rsquo;utilisateur qu&rsquo;il peut organiser quel doit \u00eatre le devenir de ses donn\u00e9es collect\u00e9es et trait\u00e9es s&rsquo;il d\u00e9c\u00e8de, conform\u00e9ment \u00e0 la loi n\u00b02016-1321 du 7 octobre 2016.<\/p>\n<p class=\"font_8\">f. Droit de saisir l&rsquo;autorit\u00e9 de contr\u00f4le comp\u00e9tente<\/p>\n<p class=\"font_8\">Dans le cas o\u00f9 le responsable du traitement des donn\u00e9es d\u00e9cide de ne pas r\u00e9pondre \u00e0 la demande de l&rsquo;utilisateur, et que l&rsquo;utilisateur souhaite contester cette d\u00e9cision, ou, s&rsquo;il pense qu&rsquo;il est port\u00e9 atteinte \u00e0 l&rsquo;un des droits \u00e9num\u00e9r\u00e9s ci-dessus, il est en droit de saisir la CNIL (Commission Nationale de l&rsquo;Informatique et des Libert\u00e9s,&nbsp;<a href=\"https:\/\/www.cnil.fr\/\" target=\"_blank\" rel=\"noopener\" data-auto-recognition=\"true\">https:\/\/www.cnil.fr<\/a>) ou tout juge comp\u00e9tent.<\/p>\n<p class=\"font_8\"><span style=\"text-decoration: underline;\">B. DONN\u00c9ES PERSONNELLES DES PERSONNES MINEURES<\/span><\/p>\n<p class=\"font_8\">Conform\u00e9ment aux dispositions de l&rsquo;article 8 du r\u00e8glement europ\u00e9en 2016\/679 et \u00e0 la loi Informatique et Libert\u00e9s, seuls les mineurs \u00e2g\u00e9s de 15 ans ou plus peuvent consentir au traitement de leurs donn\u00e9es personnelles.<\/p>\n<p class=\"font_8\">Si l&rsquo;utilisateur est un mineur de moins de 15 ans, l&rsquo;accord d&rsquo;un repr\u00e9sentant l\u00e9gal sera requis afin que des donn\u00e9es \u00e0 caract\u00e8re personnel puissent \u00eatre collect\u00e9es et trait\u00e9es.<\/p>\n<p class=\"font_8\">L&rsquo;\u00e9diteur du site se r\u00e9serve le droit de v\u00e9rifier par tout moyen que l&rsquo;utilisateur est \u00e2g\u00e9 de plus de 15 ans, ou qu&rsquo;il aura obtenu l&rsquo;accord d&rsquo;un repr\u00e9sentant l\u00e9gal avant de naviguer sur le site.<\/p>\n<p class=\"font_8\"><strong>ARTICLE 6 : CONDITIONS DE MODIFICATION DE LA POLITIQUE DE CONFIDENTIALIT\u00c9<\/strong><\/p>\n<p class=\"font_8\"><span class=\"wixGuard\"><\/span><\/p>\n<p class=\"font_8\">La pr\u00e9sente politique de confidentialit\u00e9 peut \u00eatre consult\u00e9e \u00e0 tout moment \u00e0 l&rsquo;adresse ci-apr\u00e8s indiqu\u00e9e :<\/p>\n<p class=\"font_8\">&nbsp; &nbsp; &nbsp; &nbsp; &nbsp; &nbsp;&nbsp;<a href=\"http:\/\/www.nosabeils.fr\/\" target=\"_blank\" rel=\"noopener\" data-auto-recognition=\"true\">http:\/\/www.nosabeils.fr<\/a><\/p>\n<p class=\"font_8\">L&rsquo;\u00e9diteur du site se r\u00e9serve le droit de la modifier afin de garantir sa conformit\u00e9 avec le droit en vigueur.<\/p>\n<p class=\"font_8\">Par cons\u00e9quent, l&rsquo;utilisateur est invit\u00e9 \u00e0 venir consulter r\u00e9guli\u00e8rement cette politique de confidentialit\u00e9 afin de se tenir inform\u00e9 des derniers changements qui lui seront apport\u00e9s.<\/p>\n<p class=\"font_8\">Il est port\u00e9 \u00e0 la connaissance de l&rsquo;utilisateur que la derni\u00e8re mise \u00e0 jour de la pr\u00e9sente politique de confidentialit\u00e9 est intervenue le :&nbsp;29\/09\/2022&nbsp;<\/p>\t\t\t\t\t\t\t\t<\/div>\n\t\t\t\t<\/div>\n\t\t\t\t\t<\/div>\n\t\t<\/div>\n\t\t\t\t\t<\/div>\n\t\t<\/section>\n\t\t\t\t<section class=\"elementor-section elementor-top-section elementor-element elementor-element-0fcad78 elementor-section-boxed elementor-section-height-default elementor-section-height-default\" data-id=\"0fcad78\" data-element_type=\"section\" data-e-type=\"section\">\n\t\t\t\t\t\t<div class=\"elementor-container elementor-column-gap-default\">\n\t\t\t\t\t<div class=\"elementor-column elementor-col-100 elementor-top-column elementor-element elementor-element-5d3dc0c\" data-id=\"5d3dc0c\" data-element_type=\"column\" data-e-type=\"column\">\n\t\t\t<div class=\"elementor-widget-wrap elementor-element-populated\">\n\t\t\t\t\t\t<div class=\"elementor-element elementor-element-442aea2 elementor-widget elementor-widget-image\" data-id=\"442aea2\" data-element_type=\"widget\" data-e-type=\"widget\" data-widget_type=\"image.default\">\n\t\t\t\t<div class=\"elementor-widget-container\">\n\t\t\t\t\t\t\t\t\t\t\t\t\t\t\t\t<a href=\"https:\/\/nozabeils.fr\/\">\n\t\t\t\t\t\t\t<img decoding=\"async\" width=\"150\" height=\"150\" src=\"https:\/\/nozabeils.fr\/wp-content\/uploads\/2023\/03\/abeille-150x150.jpg\" class=\"attachment-thumbnail size-thumbnail wp-image-69\" alt=\"\" srcset=\"https:\/\/nozabeils.fr\/wp-content\/uploads\/2023\/03\/abeille-150x150.jpg 150w, https:\/\/nozabeils.fr\/wp-content\/uploads\/2023\/03\/abeille-300x300.jpg 300w, https:\/\/nozabeils.fr\/wp-content\/uploads\/2023\/03\/abeille-100x100.jpg 100w\" sizes=\"(max-width: 150px) 100vw, 150px\" \/>\t\t\t\t\t\t\t\t<\/a>\n\t\t\t\t\t\t\t\t\t\t\t\t\t\t\t<\/div>\n\t\t\t\t<\/div>\n\t\t\t\t\t<\/div>\n\t\t<\/div>\n\t\t\t\t\t<\/div>\n\t\t<\/section>\n\t\t\t\t<\/div>\n\t\t","protected":false},"excerpt":{"rendered":"<p>ARTICLE 1 : PR\u00c9AMBULE Cette politique de confidentialit\u00e9 s&rsquo;applique au site nosabeils.fr. La pr\u00e9sente politique de confidentialit\u00e9 a pour but d&rsquo;exposer aux utilisateurs du site : La mani\u00e8re dont sont collect\u00e9es et trait\u00e9es leurs donn\u00e9es \u00e0 caract\u00e8re personnel. Doivent \u00eatre consid\u00e9r\u00e9es comme donn\u00e9es personnelles toutes les donn\u00e9es \u00e9tant susceptibles d&rsquo;identifier un utilisateur. Il s&rsquo;agit notamment [&hellip;]<\/p>\n","protected":false},"author":1,"featured_media":0,"parent":0,"menu_order":0,"comment_status":"closed","ping_status":"open","template":"","meta":{"footnotes":""},"class_list":["post-3","page","type-page","status-publish","hentry","entry","owp-thumbs-layout-horizontal","owp-btn-normal","owp-tabs-layout-horizontal","has-no-thumbnails","has-product-nav"],"_links":{"self":[{"href":"https:\/\/nozabeils.fr\/index.php\/wp-json\/wp\/v2\/pages\/3","targetHints":{"allow":["GET"]}}],"collection":[{"href":"https:\/\/nozabeils.fr\/index.php\/wp-json\/wp\/v2\/pages"}],"about":[{"href":"https:\/\/nozabeils.fr\/index.php\/wp-json\/wp\/v2\/types\/page"}],"author":[{"embeddable":true,"href":"https:\/\/nozabeils.fr\/index.php\/wp-json\/wp\/v2\/users\/1"}],"replies":[{"embeddable":true,"href":"https:\/\/nozabeils.fr\/index.php\/wp-json\/wp\/v2\/comments?post=3"}],"version-history":[{"count":21,"href":"https:\/\/nozabeils.fr\/index.php\/wp-json\/wp\/v2\/pages\/3\/revisions"}],"predecessor-version":[{"id":958,"href":"https:\/\/nozabeils.fr\/index.php\/wp-json\/wp\/v2\/pages\/3\/revisions\/958"}],"wp:attachment":[{"href":"https:\/\/nozabeils.fr\/index.php\/wp-json\/wp\/v2\/media?parent=3"}],"curies":[{"name":"wp","href":"https:\/\/api.w.org\/{rel}","templated":true}]}}