{"id":9,"date":"2023-03-13T10:30:32","date_gmt":"2023-03-13T09:30:32","guid":{"rendered":"http:\/\/nozabeils.fr\/?page_id=9"},"modified":"2026-01-22T09:56:55","modified_gmt":"2026-01-22T08:56:55","slug":"accueil","status":"publish","type":"page","link":"https:\/\/nozabeils.fr\/index.php\/accueil\/","title":{"rendered":"Qui va l\u00e0 ?"},"content":{"rendered":"\t\t<div data-elementor-type=\"wp-page\" data-elementor-id=\"9\" class=\"elementor elementor-9\">\n\t\t\t\t\t\t<section class=\"elementor-section elementor-top-section elementor-element elementor-element-e88c8c2 elementor-section-boxed elementor-section-height-default elementor-section-height-default\" data-id=\"e88c8c2\" data-element_type=\"section\" data-e-type=\"section\">\n\t\t\t\t\t\t<div class=\"elementor-container elementor-column-gap-default\">\n\t\t\t\t\t<div class=\"elementor-column elementor-col-100 elementor-top-column elementor-element elementor-element-4efa742\" data-id=\"4efa742\" data-element_type=\"column\" data-e-type=\"column\">\n\t\t\t<div class=\"elementor-widget-wrap elementor-element-populated\">\n\t\t\t\t\t\t<div class=\"elementor-element elementor-element-d931d12 elementor-widget elementor-widget-heading\" data-id=\"d931d12\" data-element_type=\"widget\" data-e-type=\"widget\" data-widget_type=\"heading.default\">\n\t\t\t\t<div class=\"elementor-widget-container\">\n\t\t\t\t\t<h2 class=\"elementor-heading-title elementor-size-default\">Il \u00e9tait une fois...<\/h2>\t\t\t\t<\/div>\n\t\t\t\t<\/div>\n\t\t\t\t<section class=\"elementor-section elementor-inner-section elementor-element elementor-element-b4e8652 elementor-section-content-middle elementor-section-boxed elementor-section-height-default elementor-section-height-default\" data-id=\"b4e8652\" data-element_type=\"section\" data-e-type=\"section\">\n\t\t\t\t\t\t<div class=\"elementor-container elementor-column-gap-default\">\n\t\t\t\t\t<div class=\"elementor-column elementor-col-100 elementor-inner-column elementor-element elementor-element-56ab026\" data-id=\"56ab026\" data-element_type=\"column\" data-e-type=\"column\">\n\t\t\t<div class=\"elementor-widget-wrap elementor-element-populated\">\n\t\t\t\t\t\t<div class=\"elementor-element elementor-element-edaae69 elementor-widget elementor-widget-text-editor\" data-id=\"edaae69\" data-element_type=\"widget\" data-e-type=\"widget\" data-widget_type=\"text-editor.default\">\n\t\t\t\t<div class=\"elementor-widget-container\">\n\t\t\t\t\t\t\t\t\t<p><span style=\"text-align: justify;\">Au d\u00e9but il y a ce profond respect de la nature et cet \u00e9merveillement de la vie qui a su s&rsquo;y frayer victorieusement un chemin, au fur et \u00e0 mesure des mill\u00e9naires. Et puis la fascination pour l&rsquo;\u00e9volution du monde vivant (hasard ou n\u00e9cessit\u00e9 ?) qui trouve un merveilleux terrain d&rsquo;observation chez les abeilles.<\/span><\/p>\t\t\t\t\t\t\t\t<\/div>\n\t\t\t\t<\/div>\n\t\t\t\t\t<\/div>\n\t\t<\/div>\n\t\t\t\t\t<\/div>\n\t\t<\/section>\n\t\t\t\t<div class=\"elementor-element elementor-element-db4f5f8 elementor-widget elementor-widget-image\" data-id=\"db4f5f8\" data-element_type=\"widget\" data-e-type=\"widget\" data-widget_type=\"image.default\">\n\t\t\t\t<div class=\"elementor-widget-container\">\n\t\t\t\t\t\t\t\t\t\t\t\t\t\t\t<img fetchpriority=\"high\" decoding=\"async\" width=\"327\" height=\"414\" src=\"https:\/\/nozabeils.fr\/wp-content\/uploads\/2023\/03\/abeille-fossilisee.jpg\" class=\"attachment-large size-large wp-image-35\" alt=\"\" srcset=\"https:\/\/nozabeils.fr\/wp-content\/uploads\/2023\/03\/abeille-fossilisee.jpg 327w, https:\/\/nozabeils.fr\/wp-content\/uploads\/2023\/03\/abeille-fossilisee-237x300.jpg 237w\" sizes=\"(max-width: 327px) 100vw, 327px\" \/>\t\t\t\t\t\t\t\t\t\t\t\t\t\t\t<\/div>\n\t\t\t\t<\/div>\n\t\t\t\t<section class=\"elementor-section elementor-inner-section elementor-element elementor-element-9eb2ac5 elementor-section-content-middle elementor-section-boxed elementor-section-height-default elementor-section-height-default\" data-id=\"9eb2ac5\" data-element_type=\"section\" data-e-type=\"section\">\n\t\t\t\t\t\t<div class=\"elementor-container elementor-column-gap-default\">\n\t\t\t\t\t<div class=\"elementor-column elementor-col-100 elementor-inner-column elementor-element elementor-element-f695cbc\" data-id=\"f695cbc\" data-element_type=\"column\" data-e-type=\"column\">\n\t\t\t<div class=\"elementor-widget-wrap elementor-element-populated\">\n\t\t\t\t\t\t<div class=\"elementor-element elementor-element-96d34d3 elementor-widget elementor-widget-text-editor\" data-id=\"96d34d3\" data-element_type=\"widget\" data-e-type=\"widget\" data-widget_type=\"text-editor.default\">\n\t\t\t\t<div class=\"elementor-widget-container\">\n\t\t\t\t\t\t\t\t\t<span style=\"text-align: justify;\">Cette soci\u00e9t\u00e9, puisque s&rsquo;en est une, n&rsquo;a rien \u00e0 envier \u00e0 la n\u00f4tre : organis\u00e9e au diapason, elle est apparue bien avant l&rsquo;homme il y a 100 millions d&rsquo;ann\u00e9es avec les plantes \u00e0 fleurs. A ce titre nous en d\u00e9pendons, car comme bien d&rsquo;autres insectes elle pollinise notre alimentation.\u00a0<\/span>\t\t\t\t\t\t\t\t<\/div>\n\t\t\t\t<\/div>\n\t\t\t\t\t<\/div>\n\t\t<\/div>\n\t\t\t\t\t<\/div>\n\t\t<\/section>\n\t\t\t\t\t<\/div>\n\t\t<\/div>\n\t\t\t\t\t<\/div>\n\t\t<\/section>\n\t\t\t\t<section class=\"elementor-section elementor-top-section elementor-element elementor-element-e3c2bfb elementor-section-boxed elementor-section-height-default elementor-section-height-default\" data-id=\"e3c2bfb\" data-element_type=\"section\" data-e-type=\"section\">\n\t\t\t\t\t\t<div class=\"elementor-container elementor-column-gap-default\">\n\t\t\t\t\t<div class=\"elementor-column elementor-col-100 elementor-top-column elementor-element elementor-element-36ec31e\" data-id=\"36ec31e\" data-element_type=\"column\" data-e-type=\"column\">\n\t\t\t<div class=\"elementor-widget-wrap elementor-element-populated\">\n\t\t\t\t\t\t<div class=\"elementor-element elementor-element-8fc949b elementor-widget elementor-widget-image\" data-id=\"8fc949b\" data-element_type=\"widget\" data-e-type=\"widget\" data-widget_type=\"image.default\">\n\t\t\t\t<div class=\"elementor-widget-container\">\n\t\t\t\t\t\t\t\t\t\t\t\t\t\t\t<img decoding=\"async\" width=\"1024\" height=\"538\" src=\"https:\/\/nozabeils.fr\/wp-content\/uploads\/2023\/03\/file72kyhbs35749tmbbd0z.jpg-1024x538.jpeg\" class=\"attachment-large size-large wp-image-36\" alt=\"\" srcset=\"https:\/\/nozabeils.fr\/wp-content\/uploads\/2023\/03\/file72kyhbs35749tmbbd0z.jpg-1024x538.jpeg 1024w, https:\/\/nozabeils.fr\/wp-content\/uploads\/2023\/03\/file72kyhbs35749tmbbd0z.jpg-600x315.jpeg 600w, https:\/\/nozabeils.fr\/wp-content\/uploads\/2023\/03\/file72kyhbs35749tmbbd0z.jpg-300x158.jpeg 300w, https:\/\/nozabeils.fr\/wp-content\/uploads\/2023\/03\/file72kyhbs35749tmbbd0z.jpg-768x403.jpeg 768w, https:\/\/nozabeils.fr\/wp-content\/uploads\/2023\/03\/file72kyhbs35749tmbbd0z.jpg.jpeg 1200w\" sizes=\"(max-width: 1024px) 100vw, 1024px\" \/>\t\t\t\t\t\t\t\t\t\t\t\t\t\t\t<\/div>\n\t\t\t\t<\/div>\n\t\t\t\t<div class=\"elementor-element elementor-element-77e3b01 elementor-widget elementor-widget-text-editor\" data-id=\"77e3b01\" data-element_type=\"widget\" data-e-type=\"widget\" data-widget_type=\"text-editor.default\">\n\t\t\t\t<div class=\"elementor-widget-container\">\n\t\t\t\t\t\t\t\t\t<span style=\"text-align: justify;\">Mais l&rsquo;histoire est ainsi faite qu&rsquo;aujourd&rsquo;hui les abeilles d\u00e9pendent de nous par le danger que nous repr\u00e9sentons pour elles. Les pesticides, le d\u00e9r\u00e8glement climatique, les maladies v\u00e9hicul\u00e9es par les \u00e9changes mondiaux sont \u00e0 l&rsquo;origine d&rsquo;une mortalit\u00e9 de l&rsquo;esp\u00e8ce sans pr\u00e9c\u00e9dent depuis plusieurs d\u00e9cennies.<\/span>\t\t\t\t\t\t\t\t<\/div>\n\t\t\t\t<\/div>\n\t\t\t\t\t<\/div>\n\t\t<\/div>\n\t\t\t\t\t<\/div>\n\t\t<\/section>\n\t\t\t\t<section class=\"elementor-section elementor-top-section elementor-element elementor-element-df0bfc8 elementor-section-boxed elementor-section-height-default elementor-section-height-default\" data-id=\"df0bfc8\" data-element_type=\"section\" data-e-type=\"section\">\n\t\t\t\t\t\t<div class=\"elementor-container elementor-column-gap-default\">\n\t\t\t\t\t<div class=\"elementor-column elementor-col-100 elementor-top-column elementor-element elementor-element-d3c054f\" data-id=\"d3c054f\" data-element_type=\"column\" data-e-type=\"column\">\n\t\t\t<div class=\"elementor-widget-wrap elementor-element-populated\">\n\t\t\t\t\t\t<div class=\"elementor-element elementor-element-29cfeec elementor-widget elementor-widget-heading\" data-id=\"29cfeec\" data-element_type=\"widget\" data-e-type=\"widget\" data-widget_type=\"heading.default\">\n\t\t\t\t<div class=\"elementor-widget-container\">\n\t\t\t\t\t<h2 class=\"elementor-heading-title elementor-size-default\">C'est qui ?<\/h2>\t\t\t\t<\/div>\n\t\t\t\t<\/div>\n\t\t\t\t<div class=\"elementor-element elementor-element-dcf7a1a elementor-widget elementor-widget-text-editor\" data-id=\"dcf7a1a\" data-element_type=\"widget\" data-e-type=\"widget\" data-widget_type=\"text-editor.default\">\n\t\t\t\t<div class=\"elementor-widget-container\">\n\t\t\t\t\t\t\t\t\t<p class=\"font_8\" style=\"margin-bottom: 0px; font-variant-ligatures: normal; font-variant-caps: normal; font-family: Roboto, sans-serif; font-size: 18px; font-style: normal; font-weight: 400; color: rgb(var(--color_15)); background: transparent; pointer-events: auto; text-align: justify;\">Petit fils de paysan et ancien cadre dans le domaine de l\u2019ing\u00e9nierie, j\u2019ai fait le choix de me mettre au service des abeilles, \u00e0 la fois par passion et pour apporter ma pierre \u00e0 la protection de la biodiversit\u00e9 locale.<\/p><p class=\"font_8\" style=\"margin-bottom: 0px; font-variant-ligatures: normal; font-variant-caps: normal; font-family: Roboto, sans-serif; font-size: 18px; font-style: normal; font-weight: 400; color: rgb(var(--color_15)); background: transparent; pointer-events: auto; text-align: justify;\">Titulaire d\u2019un brevet agricole en sp\u00e9cialisation apicole, et membre actif de plusieurs associations sp\u00e9cialis\u00e9es dans le Val d\u2019Oise et les Yvelines, je m\u2019attache \u00e0 employer des techniques d\u2019\u00e9levage les plus respectueuses possibles pour l\u2019abeille et notre environnement.<\/p>\t\t\t\t\t\t\t\t<\/div>\n\t\t\t\t<\/div>\n\t\t\t\t\t<\/div>\n\t\t<\/div>\n\t\t\t\t\t<\/div>\n\t\t<\/section>\n\t\t\t\t<section class=\"elementor-section elementor-top-section elementor-element elementor-element-c4a33e4 elementor-section-boxed elementor-section-height-default elementor-section-height-default\" data-id=\"c4a33e4\" data-element_type=\"section\" data-e-type=\"section\">\n\t\t\t\t\t\t<div class=\"elementor-container elementor-column-gap-default\">\n\t\t\t\t\t<div class=\"elementor-column elementor-col-100 elementor-top-column elementor-element elementor-element-e39c06e\" data-id=\"e39c06e\" data-element_type=\"column\" data-e-type=\"column\">\n\t\t\t<div class=\"elementor-widget-wrap elementor-element-populated\">\n\t\t\t\t\t\t<div class=\"elementor-element elementor-element-d22ca87 elementor-widget elementor-widget-image\" data-id=\"d22ca87\" data-element_type=\"widget\" data-e-type=\"widget\" data-widget_type=\"image.default\">\n\t\t\t\t<div class=\"elementor-widget-container\">\n\t\t\t\t\t\t\t\t\t\t\t\t\t\t\t<img decoding=\"async\" width=\"300\" height=\"225\" src=\"https:\/\/nozabeils.fr\/wp-content\/uploads\/2023\/03\/moi-a-Beynes-300x225.jpg\" class=\"attachment-medium size-medium wp-image-98\" alt=\"\" srcset=\"https:\/\/nozabeils.fr\/wp-content\/uploads\/2023\/03\/moi-a-Beynes-300x225.jpg 300w, https:\/\/nozabeils.fr\/wp-content\/uploads\/2023\/03\/moi-a-Beynes-600x450.jpg 600w, https:\/\/nozabeils.fr\/wp-content\/uploads\/2023\/03\/moi-a-Beynes-1024x768.jpg 1024w, https:\/\/nozabeils.fr\/wp-content\/uploads\/2023\/03\/moi-a-Beynes-768x576.jpg 768w, https:\/\/nozabeils.fr\/wp-content\/uploads\/2023\/03\/moi-a-Beynes-1536x1152.jpg 1536w, https:\/\/nozabeils.fr\/wp-content\/uploads\/2023\/03\/moi-a-Beynes.jpg 1600w\" sizes=\"(max-width: 300px) 100vw, 300px\" \/>\t\t\t\t\t\t\t\t\t\t\t\t\t\t\t<\/div>\n\t\t\t\t<\/div>\n\t\t\t\t<div class=\"elementor-element elementor-element-2a3210a elementor-widget elementor-widget-text-editor\" data-id=\"2a3210a\" data-element_type=\"widget\" data-e-type=\"widget\" data-widget_type=\"text-editor.default\">\n\t\t\t\t<div class=\"elementor-widget-container\">\n\t\t\t\t\t\t\t\t\t<p><span style=\"text-align: justify;\"><b>Au-del\u00e0 d&rsquo;un \u00e9levage de ruches ayant pour but de produire un produit naturel et aux nombreux bienfaits, il s&rsquo;agit donc d&rsquo;un devoir et d&rsquo;une n\u00e9cessit\u00e9 de pr\u00e9server l&rsquo;abeille.<\/b><\/span><\/p><p><span style=\"text-align: justify;\"><b>Voil\u00e0 bien le but que s&rsquo;est fix\u00e9 NosAbeils en proposant des locations de ruches aux entreprises : faire cohabiter nos deux soci\u00e9t\u00e9s, par l&rsquo;installation de ruches dans nos environnements de vie, nos villes, nos entreprises, nos jardins.<\/b><\/span><\/p>\t\t\t\t\t\t\t\t<\/div>\n\t\t\t\t<\/div>\n\t\t\t\t<div class=\"elementor-element elementor-element-b32a79a elementor-widget elementor-widget-image\" data-id=\"b32a79a\" data-element_type=\"widget\" data-e-type=\"widget\" data-widget_type=\"image.default\">\n\t\t\t\t<div class=\"elementor-widget-container\">\n\t\t\t\t\t\t\t\t\t\t\t\t\t\t\t\t<a href=\"https:\/\/nozabeils.fr\/\">\n\t\t\t\t\t\t\t<img loading=\"lazy\" decoding=\"async\" width=\"150\" height=\"150\" src=\"https:\/\/nozabeils.fr\/wp-content\/uploads\/2023\/03\/abeille-150x150.jpg\" class=\"attachment-thumbnail size-thumbnail wp-image-69\" alt=\"\" srcset=\"https:\/\/nozabeils.fr\/wp-content\/uploads\/2023\/03\/abeille-150x150.jpg 150w, https:\/\/nozabeils.fr\/wp-content\/uploads\/2023\/03\/abeille-300x300.jpg 300w, https:\/\/nozabeils.fr\/wp-content\/uploads\/2023\/03\/abeille-100x100.jpg 100w\" sizes=\"(max-width: 150px) 100vw, 150px\" \/>\t\t\t\t\t\t\t\t<\/a>\n\t\t\t\t\t\t\t\t\t\t\t\t\t\t\t<\/div>\n\t\t\t\t<\/div>\n\t\t\t\t\t<\/div>\n\t\t<\/div>\n\t\t\t\t\t<\/div>\n\t\t<\/section>\n\t\t\t\t<\/div>\n\t\t","protected":false},"excerpt":{"rendered":"<p>Il \u00e9tait une fois&#8230; Au d\u00e9but il y a ce profond respect de la nature et cet \u00e9merveillement de la vie qui a su s&rsquo;y frayer victorieusement un chemin, au fur et \u00e0 mesure des mill\u00e9naires. Et puis la fascination pour l&rsquo;\u00e9volution du monde vivant (hasard ou n\u00e9cessit\u00e9 ?) qui trouve un merveilleux terrain d&rsquo;observation [&hellip;]<\/p>\n","protected":false},"author":1,"featured_media":69,"parent":0,"menu_order":0,"comment_status":"closed","ping_status":"closed","template":"","meta":{"footnotes":""},"class_list":["post-9","page","type-page","status-publish","has-post-thumbnail","hentry","entry","has-media","owp-thumbs-layout-horizontal","owp-btn-normal","owp-tabs-layout-horizontal","has-no-thumbnails","has-product-nav"],"_links":{"self":[{"href":"https:\/\/nozabeils.fr\/index.php\/wp-json\/wp\/v2\/pages\/9","targetHints":{"allow":["GET"]}}],"collection":[{"href":"https:\/\/nozabeils.fr\/index.php\/wp-json\/wp\/v2\/pages"}],"about":[{"href":"https:\/\/nozabeils.fr\/index.php\/wp-json\/wp\/v2\/types\/page"}],"author":[{"embeddable":true,"href":"https:\/\/nozabeils.fr\/index.php\/wp-json\/wp\/v2\/users\/1"}],"replies":[{"embeddable":true,"href":"https:\/\/nozabeils.fr\/index.php\/wp-json\/wp\/v2\/comments?post=9"}],"version-history":[{"count":69,"href":"https:\/\/nozabeils.fr\/index.php\/wp-json\/wp\/v2\/pages\/9\/revisions"}],"predecessor-version":[{"id":967,"href":"https:\/\/nozabeils.fr\/index.php\/wp-json\/wp\/v2\/pages\/9\/revisions\/967"}],"wp:featuredmedia":[{"embeddable":true,"href":"https:\/\/nozabeils.fr\/index.php\/wp-json\/wp\/v2\/media\/69"}],"wp:attachment":[{"href":"https:\/\/nozabeils.fr\/index.php\/wp-json\/wp\/v2\/media?parent=9"}],"curies":[{"name":"wp","href":"https:\/\/api.w.org\/{rel}","templated":true}]}}