{"id":735,"date":"2023-07-11T19:16:49","date_gmt":"2023-07-11T17:16:49","guid":{"rendered":"http:\/\/nozabeils.fr\/?post_type=product&#038;p=735"},"modified":"2025-08-30T16:25:58","modified_gmt":"2025-08-30T14:25:58","slug":"miel-de-printemps-conflans-500gr-copie","status":"publish","type":"product","link":"https:\/\/nozabeils.fr\/index.php\/produit\/miel-de-printemps-conflans-500gr-copie\/","title":{"rendered":"Miel d&rsquo;\u00e9t\u00e9, Conflans, 500gr"},"content":{"rendered":"<p>Miel liquide issu\u00a0d&rsquo;un rucher install\u00e9 au sein de jardins conflanais, \u00e0 proximit\u00e9 d&rsquo;espaces bois\u00e9s.<\/p>\n","protected":false},"excerpt":{"rendered":"<p>R\u00e9colte d&rsquo;\u00e9t\u00e9 \u00e0 Conflans, pot de 500gr<\/p>\n","protected":false},"featured_media":808,"template":"","meta":[],"product_brand":[],"product_cat":[19],"product_tag":[],"class_list":{"0":"post-735","1":"product","2":"type-product","3":"status-publish","4":"has-post-thumbnail","6":"product_cat-miel","8":"entry","9":"has-media","11":"first","12":"instock","13":"shipping-taxable","14":"purchasable","15":"product-type-simple","16":"has-product-nav","17":"col","18":"span_1_of_3","19":"owp-content-center","20":"owp-thumbs-layout-horizontal","21":"owp-btn-normal","22":"owp-tabs-layout-horizontal","23":"has-no-thumbnails"},"_links":{"self":[{"href":"https:\/\/nozabeils.fr\/index.php\/wp-json\/wp\/v2\/product\/735","targetHints":{"allow":["GET"]}}],"collection":[{"href":"https:\/\/nozabeils.fr\/index.php\/wp-json\/wp\/v2\/product"}],"about":[{"href":"https:\/\/nozabeils.fr\/index.php\/wp-json\/wp\/v2\/types\/product"}],"version-history":[{"count":2,"href":"https:\/\/nozabeils.fr\/index.php\/wp-json\/wp\/v2\/product\/735\/revisions"}],"predecessor-version":[{"id":738,"href":"https:\/\/nozabeils.fr\/index.php\/wp-json\/wp\/v2\/product\/735\/revisions\/738"}],"wp:featuredmedia":[{"embeddable":true,"href":"https:\/\/nozabeils.fr\/index.php\/wp-json\/wp\/v2\/media\/808"}],"wp:attachment":[{"href":"https:\/\/nozabeils.fr\/index.php\/wp-json\/wp\/v2\/media?parent=735"}],"wp:term":[{"taxonomy":"product_brand","embeddable":true,"href":"https:\/\/nozabeils.fr\/index.php\/wp-json\/wp\/v2\/product_brand?post=735"},{"taxonomy":"product_cat","embeddable":true,"href":"https:\/\/nozabeils.fr\/index.php\/wp-json\/wp\/v2\/product_cat?post=735"},{"taxonomy":"product_tag","embeddable":true,"href":"https:\/\/nozabeils.fr\/index.php\/wp-json\/wp\/v2\/product_tag?post=735"}],"curies":[{"name":"wp","href":"https:\/\/api.w.org\/{rel}","templated":true}]}}