{"id":739,"date":"2023-07-11T19:19:33","date_gmt":"2023-07-11T17:19:33","guid":{"rendered":"http:\/\/nozabeils.fr\/?post_type=product&#038;p=739"},"modified":"2025-08-30T16:24:34","modified_gmt":"2025-08-30T14:24:34","slug":"miel-de-printemps-acheres-500gr","status":"publish","type":"product","link":"https:\/\/nozabeils.fr\/index.php\/produit\/miel-de-printemps-acheres-500gr\/","title":{"rendered":"Miel de printemps, for\u00eat de Saint Germain, 500gr"},"content":{"rendered":"<p>Miel finement cristallis\u00e9 issu d&rsquo;un rucher install\u00e9 au pied de la for\u00eat de Saint Germain, riche en arbres mellif\u00e8res (ch\u00e2taigniers, \u00e9rables, bouleaux).<\/p>\n","protected":false},"excerpt":{"rendered":"<p>R\u00e9colte de printemps \u00e0 Ach\u00e8res, pot de 500gr<\/p>\n","protected":false},"featured_media":806,"template":"","meta":[],"product_brand":[],"product_cat":[19],"product_tag":[],"class_list":{"0":"post-739","1":"product","2":"type-product","3":"status-publish","4":"has-post-thumbnail","6":"product_cat-miel","8":"entry","9":"has-media","11":"first","12":"instock","13":"shipping-taxable","14":"purchasable","15":"product-type-simple","16":"has-product-nav","17":"col","18":"span_1_of_3","19":"owp-content-center","20":"owp-thumbs-layout-horizontal","21":"owp-btn-normal","22":"owp-tabs-layout-horizontal","23":"has-no-thumbnails"},"_links":{"self":[{"href":"https:\/\/nozabeils.fr\/index.php\/wp-json\/wp\/v2\/product\/739","targetHints":{"allow":["GET"]}}],"collection":[{"href":"https:\/\/nozabeils.fr\/index.php\/wp-json\/wp\/v2\/product"}],"about":[{"href":"https:\/\/nozabeils.fr\/index.php\/wp-json\/wp\/v2\/types\/product"}],"version-history":[{"count":4,"href":"https:\/\/nozabeils.fr\/index.php\/wp-json\/wp\/v2\/product\/739\/revisions"}],"predecessor-version":[{"id":749,"href":"https:\/\/nozabeils.fr\/index.php\/wp-json\/wp\/v2\/product\/739\/revisions\/749"}],"wp:featuredmedia":[{"embeddable":true,"href":"https:\/\/nozabeils.fr\/index.php\/wp-json\/wp\/v2\/media\/806"}],"wp:attachment":[{"href":"https:\/\/nozabeils.fr\/index.php\/wp-json\/wp\/v2\/media?parent=739"}],"wp:term":[{"taxonomy":"product_brand","embeddable":true,"href":"https:\/\/nozabeils.fr\/index.php\/wp-json\/wp\/v2\/product_brand?post=739"},{"taxonomy":"product_cat","embeddable":true,"href":"https:\/\/nozabeils.fr\/index.php\/wp-json\/wp\/v2\/product_cat?post=739"},{"taxonomy":"product_tag","embeddable":true,"href":"https:\/\/nozabeils.fr\/index.php\/wp-json\/wp\/v2\/product_tag?post=739"}],"curies":[{"name":"wp","href":"https:\/\/api.w.org\/{rel}","templated":true}]}}