{"id":744,"date":"2023-09-20T16:14:35","date_gmt":"2023-09-20T14:14:35","guid":{"rendered":"https:\/\/nozabeils.fr\/?post_type=product&#038;p=744"},"modified":"2025-08-30T16:21:10","modified_gmt":"2025-08-30T14:21:10","slug":"miel-dete-foret-de-port-royal-500gr","status":"publish","type":"product","link":"https:\/\/nozabeils.fr\/index.php\/produit\/miel-dete-foret-de-port-royal-500gr\/","title":{"rendered":"Miel d&rsquo;\u00e9t\u00e9, for\u00eat de Port Royal, 500gr"},"content":{"rendered":"<p>Miel liquide issu d&rsquo;un rucher install\u00e9 en bordure de la for\u00eat de Port Royal, riche en arbres mellif\u00e8res (ch\u00e2taignier, noisetier, Erable Sycomore).<\/p>\n","protected":false},"excerpt":{"rendered":"<p>R\u00e9colte d&rsquo;\u00e9t\u00e9 \u00e0 Trappes, pot de 500gr<\/p>\n","protected":false},"featured_media":816,"template":"","meta":[],"product_brand":[],"product_cat":[19],"product_tag":[],"class_list":{"0":"post-744","1":"product","2":"type-product","3":"status-publish","4":"has-post-thumbnail","6":"product_cat-miel","8":"entry","9":"has-media","11":"first","12":"instock","13":"shipping-taxable","14":"purchasable","15":"product-type-simple","16":"has-product-nav","17":"col","18":"span_1_of_3","19":"owp-content-center","20":"owp-thumbs-layout-horizontal","21":"owp-btn-normal","22":"owp-tabs-layout-horizontal","23":"has-no-thumbnails"},"_links":{"self":[{"href":"https:\/\/nozabeils.fr\/index.php\/wp-json\/wp\/v2\/product\/744","targetHints":{"allow":["GET"]}}],"collection":[{"href":"https:\/\/nozabeils.fr\/index.php\/wp-json\/wp\/v2\/product"}],"about":[{"href":"https:\/\/nozabeils.fr\/index.php\/wp-json\/wp\/v2\/types\/product"}],"version-history":[{"count":1,"href":"https:\/\/nozabeils.fr\/index.php\/wp-json\/wp\/v2\/product\/744\/revisions"}],"predecessor-version":[{"id":746,"href":"https:\/\/nozabeils.fr\/index.php\/wp-json\/wp\/v2\/product\/744\/revisions\/746"}],"wp:featuredmedia":[{"embeddable":true,"href":"https:\/\/nozabeils.fr\/index.php\/wp-json\/wp\/v2\/media\/816"}],"wp:attachment":[{"href":"https:\/\/nozabeils.fr\/index.php\/wp-json\/wp\/v2\/media?parent=744"}],"wp:term":[{"taxonomy":"product_brand","embeddable":true,"href":"https:\/\/nozabeils.fr\/index.php\/wp-json\/wp\/v2\/product_brand?post=744"},{"taxonomy":"product_cat","embeddable":true,"href":"https:\/\/nozabeils.fr\/index.php\/wp-json\/wp\/v2\/product_cat?post=744"},{"taxonomy":"product_tag","embeddable":true,"href":"https:\/\/nozabeils.fr\/index.php\/wp-json\/wp\/v2\/product_tag?post=744"}],"curies":[{"name":"wp","href":"https:\/\/api.w.org\/{rel}","templated":true}]}}