{"id":818,"date":"2025-08-30T16:30:27","date_gmt":"2025-08-30T14:30:27","guid":{"rendered":"https:\/\/nozabeils.fr\/?post_type=product&#038;p=818"},"modified":"2026-03-28T14:37:53","modified_gmt":"2026-03-28T13:37:53","slug":"miel-dacacia-conflans-500gr","status":"publish","type":"product","link":"https:\/\/nozabeils.fr\/index.php\/produit\/miel-dacacia-conflans-500gr\/","title":{"rendered":"Miel d&rsquo;acacia, Conflans, 500gr"},"content":{"rendered":"<p>Miel issu d&rsquo;un rucher install\u00e9 au sein de jardins conflanais, \u00e0 proximit\u00e9 d&rsquo;espaces bois\u00e9s et r\u00e9colt\u00e9 pendant la floraison de l&rsquo;acacia.<\/p>\n","protected":false},"excerpt":{"rendered":"<p>R\u00e9colte de printemps \u00e0 Conflans, pot de 500gr<\/p>\n","protected":false},"featured_media":807,"template":"","meta":[],"product_brand":[],"product_cat":[19],"product_tag":[],"class_list":{"0":"post-818","1":"product","2":"type-product","3":"status-publish","4":"has-post-thumbnail","6":"product_cat-miel","8":"entry","9":"has-media","11":"first","12":"instock","13":"shipping-taxable","14":"purchasable","15":"product-type-simple","16":"has-product-nav","17":"col","18":"span_1_of_3","19":"owp-content-center","20":"owp-thumbs-layout-horizontal","21":"owp-btn-normal","22":"owp-tabs-layout-horizontal","23":"has-no-thumbnails"},"_links":{"self":[{"href":"https:\/\/nozabeils.fr\/index.php\/wp-json\/wp\/v2\/product\/818","targetHints":{"allow":["GET"]}}],"collection":[{"href":"https:\/\/nozabeils.fr\/index.php\/wp-json\/wp\/v2\/product"}],"about":[{"href":"https:\/\/nozabeils.fr\/index.php\/wp-json\/wp\/v2\/types\/product"}],"version-history":[{"count":1,"href":"https:\/\/nozabeils.fr\/index.php\/wp-json\/wp\/v2\/product\/818\/revisions"}],"predecessor-version":[{"id":819,"href":"https:\/\/nozabeils.fr\/index.php\/wp-json\/wp\/v2\/product\/818\/revisions\/819"}],"wp:featuredmedia":[{"embeddable":true,"href":"https:\/\/nozabeils.fr\/index.php\/wp-json\/wp\/v2\/media\/807"}],"wp:attachment":[{"href":"https:\/\/nozabeils.fr\/index.php\/wp-json\/wp\/v2\/media?parent=818"}],"wp:term":[{"taxonomy":"product_brand","embeddable":true,"href":"https:\/\/nozabeils.fr\/index.php\/wp-json\/wp\/v2\/product_brand?post=818"},{"taxonomy":"product_cat","embeddable":true,"href":"https:\/\/nozabeils.fr\/index.php\/wp-json\/wp\/v2\/product_cat?post=818"},{"taxonomy":"product_tag","embeddable":true,"href":"https:\/\/nozabeils.fr\/index.php\/wp-json\/wp\/v2\/product_tag?post=818"}],"curies":[{"name":"wp","href":"https:\/\/api.w.org\/{rel}","templated":true}]}}